{"id":54,"date":"2020-08-19T20:47:12","date_gmt":"2020-08-19T20:47:12","guid":{"rendered":"http:\/\/localhost\/inace\/?page_id=54"},"modified":"2020-08-19T20:47:12","modified_gmt":"2020-08-19T20:47:12","slug":"visao","status":"publish","type":"page","link":"https:\/\/www.inace.gov.mz\/?page_id=54","title":{"rendered":"Vis\u00e3o"},"content":{"rendered":"\n<p>Ser uma entidade que promova e incentive o esp\u00edrito de associativismo como meio de aprofundar a unidade nacional, cultural e de identidade com o pa\u00eds, uma entidade que promova e execute programas que contribuam para a melhoria da situa\u00e7\u00e3o econ\u00f3mica, social e cultural das Comunidades Mo\u00e7ambicanas no Exterior.<\/p>\n","protected":false},"excerpt":{"rendered":"<p>Ser uma entidade que promova e incentive o esp\u00edrito de associativismo como meio de aprofundar a unidade nacional, cultural e<\/p>\n","protected":false},"author":3,"featured_media":0,"parent":0,"menu_order":0,"comment_status":"closed","ping_status":"closed","template":"","meta":[],"_links":{"self":[{"href":"https:\/\/www.inace.gov.mz\/index.php?rest_route=\/wp\/v2\/pages\/54"}],"collection":[{"href":"https:\/\/www.inace.gov.mz\/index.php?rest_route=\/wp\/v2\/pages"}],"about":[{"href":"https:\/\/www.inace.gov.mz\/index.php?rest_route=\/wp\/v2\/types\/page"}],"author":[{"embeddable":true,"href":"https:\/\/www.inace.gov.mz\/index.php?rest_route=\/wp\/v2\/users\/3"}],"replies":[{"embeddable":true,"href":"https:\/\/www.inace.gov.mz\/index.php?rest_route=%2Fwp%2Fv2%2Fcomments&post=54"}],"version-history":[{"count":1,"href":"https:\/\/www.inace.gov.mz\/index.php?rest_route=\/wp\/v2\/pages\/54\/revisions"}],"predecessor-version":[{"id":55,"href":"https:\/\/www.inace.gov.mz\/index.php?rest_route=\/wp\/v2\/pages\/54\/revisions\/55"}],"wp:attachment":[{"href":"https:\/\/www.inace.gov.mz\/index.php?rest_route=%2Fwp%2Fv2%2Fmedia&parent=54"}],"curies":[{"name":"wp","href":"https:\/\/api.w.org\/{rel}","templated":true}]}}