{"id":49,"date":"2020-08-19T20:43:21","date_gmt":"2020-08-19T20:43:21","guid":{"rendered":"http:\/\/localhost\/inace\/?page_id=49"},"modified":"2020-08-19T20:43:21","modified_gmt":"2020-08-19T20:43:21","slug":"natureza","status":"publish","type":"page","link":"https:\/\/www.inace.gov.mz\/?page_id=49","title":{"rendered":"Natureza"},"content":{"rendered":"\n<p>O Instituto Nacional Para as Comunidades Mo\u00e7ambicanas no Exterior\u00a0 \u00e9 uma institui\u00e7\u00e3o p\u00fablica, subordinada ao Minist\u00e9rio dos Neg\u00f3cios Estrangeiros e Coopera\u00e7\u00e3o, e realiza as suas actividades no estrangeiro atrav\u00e9s das Miss\u00f5es Diplom\u00e1ticas e Consulares da Rep\u00fablica de Mo\u00e7ambique.<\/p>\n","protected":false},"excerpt":{"rendered":"<p>O Instituto Nacional Para as Comunidades Mo\u00e7ambicanas no Exterior\u00a0 \u00e9 uma institui\u00e7\u00e3o p\u00fablica, subordinada ao Minist\u00e9rio dos Neg\u00f3cios Estrangeiros e<\/p>\n","protected":false},"author":3,"featured_media":0,"parent":0,"menu_order":0,"comment_status":"closed","ping_status":"closed","template":"","meta":[],"_links":{"self":[{"href":"https:\/\/www.inace.gov.mz\/index.php?rest_route=\/wp\/v2\/pages\/49"}],"collection":[{"href":"https:\/\/www.inace.gov.mz\/index.php?rest_route=\/wp\/v2\/pages"}],"about":[{"href":"https:\/\/www.inace.gov.mz\/index.php?rest_route=\/wp\/v2\/types\/page"}],"author":[{"embeddable":true,"href":"https:\/\/www.inace.gov.mz\/index.php?rest_route=\/wp\/v2\/users\/3"}],"replies":[{"embeddable":true,"href":"https:\/\/www.inace.gov.mz\/index.php?rest_route=%2Fwp%2Fv2%2Fcomments&post=49"}],"version-history":[{"count":1,"href":"https:\/\/www.inace.gov.mz\/index.php?rest_route=\/wp\/v2\/pages\/49\/revisions"}],"predecessor-version":[{"id":50,"href":"https:\/\/www.inace.gov.mz\/index.php?rest_route=\/wp\/v2\/pages\/49\/revisions\/50"}],"wp:attachment":[{"href":"https:\/\/www.inace.gov.mz\/index.php?rest_route=%2Fwp%2Fv2%2Fmedia&parent=49"}],"curies":[{"name":"wp","href":"https:\/\/api.w.org\/{rel}","templated":true}]}}