{"id":44,"date":"2020-08-19T20:40:17","date_gmt":"2020-08-19T20:40:17","guid":{"rendered":"http:\/\/localhost\/inace\/?page_id=44"},"modified":"2020-08-19T20:42:49","modified_gmt":"2020-08-19T20:42:49","slug":"sobre","status":"publish","type":"page","link":"https:\/\/www.inace.gov.mz\/?page_id=44","title":{"rendered":"Breve Historial"},"content":{"rendered":"\n<p>A situa\u00e7\u00e3o dos emigrantes mo\u00e7ambicanos tem sido uma preocupa\u00e7\u00e3o do Governo da Rep\u00fablica de Mo\u00e7ambique, e havendo necessidade de um ponto de contacto permanente com o emigrante mais eficaz e que garanta a protec\u00e7\u00e3o dos seus interesses, foi aprovado o Decreto 44\/89 de 28 de Dezembro que cria o Instituto Nacional de Apoio aos Emigrantes abreviadamente designado por INAME e aprova o respectivo Estatuto Org\u00e2nico.<\/p>\n\n\n\n<p> Devido a necessidade de alterar a designa\u00e7\u00e3o e adequar a natureza e atribui\u00e7\u00f5es do Estatuto Org\u00e2nico do INAME o Decreto 44\/89 de 28 de Dezembro foi revogado e aprovado Estatuto Org\u00e2nico do Instituto Nacional para as Comunidades Mo\u00e7ambicanas no Exterior, INACE pelo Decreto 42\/2004 de 29 de Setembro.<\/p>\n","protected":false},"excerpt":{"rendered":"<p>A situa\u00e7\u00e3o dos emigrantes mo\u00e7ambicanos tem sido uma preocupa\u00e7\u00e3o do Governo da Rep\u00fablica de Mo\u00e7ambique, e havendo necessidade de um<\/p>\n","protected":false},"author":3,"featured_media":0,"parent":0,"menu_order":0,"comment_status":"closed","ping_status":"closed","template":"","meta":[],"_links":{"self":[{"href":"https:\/\/www.inace.gov.mz\/index.php?rest_route=\/wp\/v2\/pages\/44"}],"collection":[{"href":"https:\/\/www.inace.gov.mz\/index.php?rest_route=\/wp\/v2\/pages"}],"about":[{"href":"https:\/\/www.inace.gov.mz\/index.php?rest_route=\/wp\/v2\/types\/page"}],"author":[{"embeddable":true,"href":"https:\/\/www.inace.gov.mz\/index.php?rest_route=\/wp\/v2\/users\/3"}],"replies":[{"embeddable":true,"href":"https:\/\/www.inace.gov.mz\/index.php?rest_route=%2Fwp%2Fv2%2Fcomments&post=44"}],"version-history":[{"count":3,"href":"https:\/\/www.inace.gov.mz\/index.php?rest_route=\/wp\/v2\/pages\/44\/revisions"}],"predecessor-version":[{"id":48,"href":"https:\/\/www.inace.gov.mz\/index.php?rest_route=\/wp\/v2\/pages\/44\/revisions\/48"}],"wp:attachment":[{"href":"https:\/\/www.inace.gov.mz\/index.php?rest_route=%2Fwp%2Fv2%2Fmedia&parent=44"}],"curies":[{"name":"wp","href":"https:\/\/api.w.org\/{rel}","templated":true}]}}